{"id":10,"date":"2026-03-30T12:02:00","date_gmt":"2026-03-30T11:02:00","guid":{"rendered":"http:\/\/pannechaudiere.fr\/?page_id=10"},"modified":"2026-03-30T20:06:44","modified_gmt":"2026-03-30T19:06:44","slug":"accueil","status":"publish","type":"page","link":"https:\/\/pannechaudiere.fr\/","title":{"rendered":""},"content":{"rendered":"\n<div class=\"wp-block-cover\" style=\"min-height:318px;aspect-ratio:unset;\"><span aria-hidden=\"true\" class=\"wp-block-cover__background has-ast-global-color-3-background-color has-background-dim-100 has-background-dim\"><\/span><div class=\"wp-block-cover__inner-container is-layout-constrained wp-block-cover-is-layout-constrained\">\n<p class=\"has-text-align-center has-large-font-size\"><mark style=\"background-color:rgba(0, 0, 0, 0)\" class=\"has-inline-color has-ast-global-color-4-color\"><strong>Conseils d&rsquo;expert et tutoriels de d\u00e9pannage par un chauffagiste de m\u00e9tier<\/strong><\/mark><\/p>\n<\/div><\/div>\n\n\n\n<div class=\"wp-block-columns is-layout-flex wp-container-core-columns-is-layout-28f84493 wp-block-columns-is-layout-flex\">\n<div class=\"wp-block-column is-layout-flow wp-block-column-is-layout-flow\">\n<figure class=\"wp-block-image size-full is-resized\"><img loading=\"lazy\" decoding=\"async\" width=\"768\" height=\"1024\" src=\"http:\/\/pannechaudiere.fr\/wp-content\/uploads\/2026\/03\/c08-768x1024-1.jpg\" alt=\"\" class=\"wp-image-49\" style=\"aspect-ratio:0.7500061678138801;width:449px;height:auto\" srcset=\"https:\/\/pannechaudiere.fr\/wp-content\/uploads\/2026\/03\/c08-768x1024-1.jpg 768w, https:\/\/pannechaudiere.fr\/wp-content\/uploads\/2026\/03\/c08-768x1024-1-225x300.jpg 225w\" sizes=\"auto, (max-width: 768px) 100vw, 768px\" \/><\/figure>\n<\/div>\n\n\n\n<div class=\"wp-block-column is-layout-flow wp-block-column-is-layout-flow\">\n<p> Bonjour, je m&rsquo;appelle <strong>Sylvain<\/strong>. Fort de plus de <strong>10 ans d\u2019exp\u00e9rience<\/strong> sur le terrain \u00e0 intervenir sur tous types de chaudi\u00e8res, j&rsquo;ai fait un constat simple : bien souvent, nous nous d\u00e9pla\u00e7ons chez nos clients pour une intervention qui dure <strong>moins de 5 minutes sur place<\/strong>.<\/p>\n\n\n\n<p>Une pression trop basse, un thermostat mal r\u00e9gl\u00e9 ou une s\u00e9curit\u00e9 enclench\u00e9e&#8230; ce sont des pannes mineures qui ne demandent aucun outillage lourd. J&rsquo;ai cr\u00e9\u00e9 ce site pour vous prouver que <strong>sans outils complexes, mais avec la bonne connaissance<\/strong>, vous pouvez r\u00e9aliser vous-m\u00eame ces v\u00e9rifications essentielles. Mon objectif ? Vous aider \u00e0 comprendre votre installation et vous \u00e9viter de payer un d\u00e9placement inutile quand la solution est \u00e0 port\u00e9e de main.<\/p>\n<\/div>\n<\/div>\n\n\n\n<h2 class=\"wp-block-heading\">Trouvez votre solution par type de chauffage<\/h2>\n\n\n\n<div class=\"wp-block-columns is-layout-flex wp-container-core-columns-is-layout-28f84493 wp-block-columns-is-layout-flex\">\n<div class=\"wp-block-column is-layout-flow wp-block-column-is-layout-flow\">\n<figure class=\"wp-block-image size-full\"><img loading=\"lazy\" decoding=\"async\" width=\"305\" height=\"305\" src=\"http:\/\/pannechaudiere.fr\/wp-content\/uploads\/2026\/03\/chaudiere-murale-gaz-de-dietrich-vivadens-1-2023.jpg\" alt=\"\" class=\"wp-image-50\" srcset=\"https:\/\/pannechaudiere.fr\/wp-content\/uploads\/2026\/03\/chaudiere-murale-gaz-de-dietrich-vivadens-1-2023.jpg 305w, https:\/\/pannechaudiere.fr\/wp-content\/uploads\/2026\/03\/chaudiere-murale-gaz-de-dietrich-vivadens-1-2023-300x300.jpg 300w, https:\/\/pannechaudiere.fr\/wp-content\/uploads\/2026\/03\/chaudiere-murale-gaz-de-dietrich-vivadens-1-2023-150x150.jpg 150w\" sizes=\"auto, (max-width: 305px) 100vw, 305px\" \/><\/figure>\n<\/div>\n\n\n\n<div class=\"wp-block-column is-layout-flow wp-block-column-is-layout-flow\">\n<figure class=\"wp-block-image size-full\"><img loading=\"lazy\" decoding=\"async\" width=\"305\" height=\"305\" src=\"http:\/\/pannechaudiere.fr\/wp-content\/uploads\/2026\/03\/chaudiere-sol-fioul-domusa-terma-he-pack-1.jpg\" alt=\"\" class=\"wp-image-51\" srcset=\"https:\/\/pannechaudiere.fr\/wp-content\/uploads\/2026\/03\/chaudiere-sol-fioul-domusa-terma-he-pack-1.jpg 305w, https:\/\/pannechaudiere.fr\/wp-content\/uploads\/2026\/03\/chaudiere-sol-fioul-domusa-terma-he-pack-1-300x300.jpg 300w, https:\/\/pannechaudiere.fr\/wp-content\/uploads\/2026\/03\/chaudiere-sol-fioul-domusa-terma-he-pack-1-150x150.jpg 150w\" sizes=\"auto, (max-width: 305px) 100vw, 305px\" \/><\/figure>\n<\/div>\n\n\n\n<div class=\"wp-block-column is-layout-flow wp-block-column-is-layout-flow\">\n<figure class=\"wp-block-image aligncenter size-full\"><img loading=\"lazy\" decoding=\"async\" width=\"469\" height=\"300\" src=\"http:\/\/pannechaudiere.fr\/wp-content\/uploads\/2026\/03\/E10_0.png\" alt=\"\" class=\"wp-image-52\" srcset=\"https:\/\/pannechaudiere.fr\/wp-content\/uploads\/2026\/03\/E10_0.png 469w, https:\/\/pannechaudiere.fr\/wp-content\/uploads\/2026\/03\/E10_0-300x192.png 300w\" sizes=\"auto, (max-width: 469px) 100vw, 469px\" \/><\/figure>\n<\/div>\n<\/div>\n\n\n\n<h3 class=\"wp-block-heading\"><\/h3>\n\n\n\n<div class=\"wp-block-cover\" style=\"min-height:245px;aspect-ratio:unset;\"><span aria-hidden=\"true\" class=\"wp-block-cover__background has-ast-global-color-3-background-color has-background-dim-100 has-background-dim\"><\/span><div class=\"wp-block-cover__inner-container is-layout-constrained wp-block-cover-is-layout-constrained\">\n<p class=\"has-text-align-center has-luminous-vivid-amber-color has-text-color has-link-color has-large-font-size wp-elements-ac21e7c74ed73f346affde95793d4dfc\"><mark style=\"background-color:rgba(0, 0, 0, 0);color:#ff6900\" class=\"has-inline-color\"><strong><a href=\"http:\/\/pannechaudiere.fr\/index.php\/tutos-depannage\/\" data-type=\"page\" data-id=\"14\">JE DEPANNE MA CHAUDIERE<\/a><\/strong><\/mark><\/p>\n<\/div><\/div>\n\n\n\n<p><\/p>\n","protected":false},"excerpt":{"rendered":"<p>Bonjour, je m&rsquo;appelle Sylvain. Fort de plus de 10 ans d\u2019exp\u00e9rience sur le terrain \u00e0 intervenir sur tous types de [&hellip;]<\/p>\n","protected":false},"author":1,"featured_media":0,"parent":0,"menu_order":0,"comment_status":"closed","ping_status":"closed","template":"","meta":{"site-sidebar-layout":"default","site-content-layout":"","ast-site-content-layout":"default","site-content-style":"default","site-sidebar-style":"default","ast-global-header-display":"","ast-banner-title-visibility":"","ast-main-header-display":"","ast-hfb-above-header-display":"","ast-hfb-below-header-display":"","ast-hfb-mobile-header-display":"","site-post-title":"","ast-breadcrumbs-content":"","ast-featured-img":"","footer-sml-layout":"","ast-disable-related-posts":"","theme-transparent-header-meta":"","adv-header-id-meta":"","stick-header-meta":"","header-above-stick-meta":"","header-main-stick-meta":"","header-below-stick-meta":"","astra-migrate-meta-layouts":"default","ast-page-background-enabled":"default","ast-page-background-meta":{"desktop":{"background-color":"var(--ast-global-color-5)","background-image":"","background-repeat":"repeat","background-position":"center center","background-size":"auto","background-attachment":"scroll","background-type":"","background-media":"","overlay-type":"","overlay-color":"","overlay-opacity":"","overlay-gradient":""},"tablet":{"background-color":"","background-image":"","background-repeat":"repeat","background-position":"center center","background-size":"auto","background-attachment":"scroll","background-type":"","background-media":"","overlay-type":"","overlay-color":"","overlay-opacity":"","overlay-gradient":""},"mobile":{"background-color":"","background-image":"","background-repeat":"repeat","background-position":"center center","background-size":"auto","background-attachment":"scroll","background-type":"","background-media":"","overlay-type":"","overlay-color":"","overlay-opacity":"","overlay-gradient":""}},"ast-content-background-meta":{"desktop":{"background-color":"var(--ast-global-color-4)","background-image":"","background-repeat":"repeat","background-position":"center center","background-size":"auto","background-attachment":"scroll","background-type":"","background-media":"","overlay-type":"","overlay-color":"","overlay-opacity":"","overlay-gradient":""},"tablet":{"background-color":"var(--ast-global-color-4)","background-image":"","background-repeat":"repeat","background-position":"center center","background-size":"auto","background-attachment":"scroll","background-type":"","background-media":"","overlay-type":"","overlay-color":"","overlay-opacity":"","overlay-gradient":""},"mobile":{"background-color":"var(--ast-global-color-4)","background-image":"","background-repeat":"repeat","background-position":"center center","background-size":"auto","background-attachment":"scroll","background-type":"","background-media":"","overlay-type":"","overlay-color":"","overlay-opacity":"","overlay-gradient":""}},"footnotes":""},"class_list":["post-10","page","type-page","status-publish","hentry"],"_links":{"self":[{"href":"https:\/\/pannechaudiere.fr\/index.php\/wp-json\/wp\/v2\/pages\/10","targetHints":{"allow":["GET"]}}],"collection":[{"href":"https:\/\/pannechaudiere.fr\/index.php\/wp-json\/wp\/v2\/pages"}],"about":[{"href":"https:\/\/pannechaudiere.fr\/index.php\/wp-json\/wp\/v2\/types\/page"}],"author":[{"embeddable":true,"href":"https:\/\/pannechaudiere.fr\/index.php\/wp-json\/wp\/v2\/users\/1"}],"replies":[{"embeddable":true,"href":"https:\/\/pannechaudiere.fr\/index.php\/wp-json\/wp\/v2\/comments?post=10"}],"version-history":[{"count":6,"href":"https:\/\/pannechaudiere.fr\/index.php\/wp-json\/wp\/v2\/pages\/10\/revisions"}],"predecessor-version":[{"id":63,"href":"https:\/\/pannechaudiere.fr\/index.php\/wp-json\/wp\/v2\/pages\/10\/revisions\/63"}],"wp:attachment":[{"href":"https:\/\/pannechaudiere.fr\/index.php\/wp-json\/wp\/v2\/media?parent=10"}],"curies":[{"name":"wp","href":"https:\/\/api.w.org\/{rel}","templated":true}]}}