{"id":45,"date":"2026-03-30T17:39:04","date_gmt":"2026-03-30T16:39:04","guid":{"rendered":"http:\/\/pannechaudiere.fr\/?page_id=45"},"modified":"2026-03-30T17:39:04","modified_gmt":"2026-03-30T16:39:04","slug":"mentions-legales","status":"publish","type":"page","link":"https:\/\/pannechaudiere.fr\/index.php\/mentions-legales\/","title":{"rendered":"Mentions Legales"},"content":{"rendered":"\n<p><strong>\u00c9diteur du site :<\/strong> Le site <strong>Pannechaudiere.fr<\/strong> est \u00e9dit\u00e9 par Sylvain Bouchaud agissant en tant que particulier<\/p>\n\n\n\n<p><strong>Contact :<\/strong> sylvain.bouchaud@hotmail.fr <\/p>\n\n\n\n<p><strong>H\u00e9bergeur :<\/strong> Le site est h\u00e9berg\u00e9 par la soci\u00e9t\u00e9 <strong>OVH SAS<\/strong>, dont le si\u00e8ge social est situ\u00e9 au 2 rue Kellermann, 59100 Roubaix, France.<\/p>\n\n\n\n<p><strong>Propri\u00e9t\u00e9 intellectuelle :<\/strong> L&rsquo;ensemble des contenus (textes, astuces techniques, photos) pr\u00e9sents sur ce site est la propri\u00e9t\u00e9 exclusive de l&rsquo;\u00e9diteur. Toute reproduction, m\u00eame partielle, est interdite sans autorisation pr\u00e9alable. Les conseils de d\u00e9pannage sont donn\u00e9s \u00e0 titre informatif bas\u00e9 sur mon exp\u00e9rience de chauffagiste ; l&rsquo;\u00e9diteur ne pourra \u00eatre tenu responsable en cas de mauvaise manipulation de l&rsquo;utilisateur.<\/p>\n\n\n\n<p><strong>Affiliation :<\/strong> Ce site participe au Programme Partenaires d\u2019Amazon. En tant que Partenaire Amazon, je r\u00e9alise un b\u00e9n\u00e9fice sur les achats remplissant les conditions requises. Cela signifie que si vous cliquez sur un lien de produit que je recommande et que vous l&rsquo;achetez, je touche une petite commission <strong>sans que cela ne change le prix pour vous<\/strong>. Cela permet de soutenir le site et de continuer \u00e0 vous proposer des conseils gratuits.<\/p>\n\n\n\n<p><strong>Cookies et donn\u00e9es personnelles<\/strong> : Ce site ne collecte aucune donn\u00e9e personnelle autre que celles \u00e9ventuellement envoy\u00e9es via le formulaire de contact<\/p>\n\n\n\n<p><\/p>\n","protected":false},"excerpt":{"rendered":"<p>\u00c9diteur du site : Le site Pannechaudiere.fr est \u00e9dit\u00e9 par Sylvain Bouchaud agissant en tant que particulier Contact : sylvain.bouchaud@hotmail.fr [&hellip;]<\/p>\n","protected":false},"author":1,"featured_media":0,"parent":0,"menu_order":0,"comment_status":"closed","ping_status":"closed","template":"","meta":{"site-sidebar-layout":"default","site-content-layout":"","ast-site-content-layout":"default","site-content-style":"default","site-sidebar-style":"default","ast-global-header-display":"","ast-banner-title-visibility":"","ast-main-header-display":"","ast-hfb-above-header-display":"","ast-hfb-below-header-display":"","ast-hfb-mobile-header-display":"","site-post-title":"","ast-breadcrumbs-content":"","ast-featured-img":"","footer-sml-layout":"","ast-disable-related-posts":"","theme-transparent-header-meta":"","adv-header-id-meta":"","stick-header-meta":"","header-above-stick-meta":"","header-main-stick-meta":"","header-below-stick-meta":"","astra-migrate-meta-layouts":"default","ast-page-background-enabled":"default","ast-page-background-meta":{"desktop":{"background-color":"var(--ast-global-color-5)","background-image":"","background-repeat":"repeat","background-position":"center center","background-size":"auto","background-attachment":"scroll","background-type":"","background-media":"","overlay-type":"","overlay-color":"","overlay-opacity":"","overlay-gradient":""},"tablet":{"background-color":"","background-image":"","background-repeat":"repeat","background-position":"center center","background-size":"auto","background-attachment":"scroll","background-type":"","background-media":"","overlay-type":"","overlay-color":"","overlay-opacity":"","overlay-gradient":""},"mobile":{"background-color":"","background-image":"","background-repeat":"repeat","background-position":"center center","background-size":"auto","background-attachment":"scroll","background-type":"","background-media":"","overlay-type":"","overlay-color":"","overlay-opacity":"","overlay-gradient":""}},"ast-content-background-meta":{"desktop":{"background-color":"var(--ast-global-color-4)","background-image":"","background-repeat":"repeat","background-position":"center center","background-size":"auto","background-attachment":"scroll","background-type":"","background-media":"","overlay-type":"","overlay-color":"","overlay-opacity":"","overlay-gradient":""},"tablet":{"background-color":"var(--ast-global-color-4)","background-image":"","background-repeat":"repeat","background-position":"center center","background-size":"auto","background-attachment":"scroll","background-type":"","background-media":"","overlay-type":"","overlay-color":"","overlay-opacity":"","overlay-gradient":""},"mobile":{"background-color":"var(--ast-global-color-4)","background-image":"","background-repeat":"repeat","background-position":"center center","background-size":"auto","background-attachment":"scroll","background-type":"","background-media":"","overlay-type":"","overlay-color":"","overlay-opacity":"","overlay-gradient":""}},"footnotes":""},"class_list":["post-45","page","type-page","status-publish","hentry"],"_links":{"self":[{"href":"https:\/\/pannechaudiere.fr\/index.php\/wp-json\/wp\/v2\/pages\/45","targetHints":{"allow":["GET"]}}],"collection":[{"href":"https:\/\/pannechaudiere.fr\/index.php\/wp-json\/wp\/v2\/pages"}],"about":[{"href":"https:\/\/pannechaudiere.fr\/index.php\/wp-json\/wp\/v2\/types\/page"}],"author":[{"embeddable":true,"href":"https:\/\/pannechaudiere.fr\/index.php\/wp-json\/wp\/v2\/users\/1"}],"replies":[{"embeddable":true,"href":"https:\/\/pannechaudiere.fr\/index.php\/wp-json\/wp\/v2\/comments?post=45"}],"version-history":[{"count":1,"href":"https:\/\/pannechaudiere.fr\/index.php\/wp-json\/wp\/v2\/pages\/45\/revisions"}],"predecessor-version":[{"id":46,"href":"https:\/\/pannechaudiere.fr\/index.php\/wp-json\/wp\/v2\/pages\/45\/revisions\/46"}],"wp:attachment":[{"href":"https:\/\/pannechaudiere.fr\/index.php\/wp-json\/wp\/v2\/media?parent=45"}],"curies":[{"name":"wp","href":"https:\/\/api.w.org\/{rel}","templated":true}]}}